{"id":5,"date":"2016-04-12T06:41:07","date_gmt":"2016-04-12T06:41:07","guid":{"rendered":"http:\/\/demos.artbees.net\/jupiter5\/tempestas\/?page_id=5"},"modified":"2024-06-06T13:17:12","modified_gmt":"2024-06-06T16:17:12","slug":"home","status":"publish","type":"page","link":"https:\/\/condominiogolfville.com.br\/","title":{"rendered":"Home"},"content":{"rendered":"<div class=\"wpb-content-wrapper\">[vc_row][vc_column][vc_images_carousel images=&#8221;8156,8152,8127,8153&#8243; img_size=&#8221;full&#8221; autoplay=&#8221;yes&#8221; css_animation=&#8221;fadeIn&#8221; css=&#8221;&#8221;][\/vc_column][\/vc_row][vc_row][vc_column][vc_text_separator title=&#8221;Post&#8217;s&#8221; css=&#8221;&#8221;][\/vc_column][\/vc_row][vc_row][vc_column][mk_blog_showcase][\/vc_column][\/vc_row][vc_row][vc_column][vc_posts_slider count=&#8221;3&#8243; interval=&#8221;3&#8243; thumb_size=&#8221;miniatura&#8221; css=&#8221;&#8221;][vc_text_separator title=&#8221;Localiza\u00e7\u00e3o&#8221; css=&#8221;&#8221;][\/vc_column][\/vc_row][vc_row][vc_column][vc_column_text css=&#8221;.vc_custom_1717690623381{margin-bottom: 0px !important;}&#8221;]<em>Rua Jos\u00e9 Konhevalik, 50 &#8211; Recanto Santa Andr\u00e9ia &#8211; Cep: 86.189-095 &#8211; Camb\u00e9\/PR<\/em>[\/vc_column_text][\/vc_column][\/vc_row][vc_row][vc_column][vc_gmaps link=&#8221;#E-8_JTNDaWZyYW1lJTIwc3JjJTNEJTIyaHR0cHMlM0ElMkYlMkZ3d3cuZ29vZ2xlLmNvbSUyRm1hcHMlMkZlbWJlZCUzRnBiJTNEJTIxMW0xOCUyMTFtMTIlMjExbTMlMjExZDg3MTQuNzk1MjQ1MzE5ODU2JTIxMmQtNTEuMjkyNDEzNjg2OTU1MDElMjEzZC0yMy4zMTE0MDMwMzgyODY4ODMlMjEybTMlMjExZjAlMjEyZjAlMjEzZjAlMjEzbTIlMjExaTEwMjQlMjEyaTc2OCUyMTRmMTMuMSUyMTNtMyUyMTFtMiUyMTFzMHg5NGViNTk3NTQxYzdmOTRkJTI1M0EweDRkMDAxYmY1OGM1MDkyMjAlMjEyc0dvbGYlMjUyMFZpbGxlJTIxNWUwJTIxM20yJTIxMXNwdC1CUiUyMTJzYnIlMjE0djE3MTcwOTQ0NzQxNzYlMjE1bTIlMjExc3B0LUJSJTIxMnNiciUyMiUyMHdpZHRoJTNEJTIyNjAwJTIyJTIwaGVpZ2h0JTNEJTIyNDUwJTIyJTIwc3R5bGUlM0QlMjJib3JkZXIlM0EwJTNCJTIyJTIwYWxsb3dmdWxsc2NyZWVuJTNEJTIyJTIyJTIwbG9hZGluZyUzRCUyMmxhenklMjIlMjByZWZlcnJlcnBvbGljeSUzRCUyMm5vLXJlZmVycmVyLXdoZW4tZG93bmdyYWRlJTIyJTNFJTNDJTJGaWZyYW1lJTNF&#8221; css=&#8221;&#8221;][\/vc_column][\/vc_row][vc_row][vc_column][vc_text_separator title=&#8221;Post&#8217;s&#8221; css=&#8221;&#8221;][mk_blog_carousel][\/vc_column][\/vc_row]\n<\/div>","protected":false},"excerpt":{"rendered":"<p>[vc_row][vc_column][vc_images_carousel images=&#8221;8156,8152,8127,8153&#8243; img_size=&#8221;full&#8221; autoplay=&#8221;yes&#8221; css_animation=&#8221;fadeIn&#8221; css=&#8221;&#8221;][\/vc_column][\/vc_row][vc_row][vc_column][vc_text_separator title=&#8221;Post&#8217;s&#8221; css=&#8221;&#8221;][\/vc_column][\/vc_row][vc_row][vc_column][mk_blog_showcase][\/vc_column][\/vc_row][vc_row][vc_column][vc_posts_slider count=&#8221;3&#8243; interval=&#8221;3&#8243; thumb_size=&#8221;miniatura&#8221; css=&#8221;&#8221;][vc_text_separator title=&#8221;Localiza\u00e7\u00e3o&#8221; css=&#8221;&#8221;][\/vc_column][\/vc_row][vc_row][vc_column][vc_column_text css=&#8221;.vc_custom_1717690623381{margin-bottom: 0px !important;}&#8221;]Rua Jos\u00e9 Konhevalik, 50 &#8211; Recanto Santa Andr\u00e9ia &#8211; Cep: 86.189-095 &#8211; Camb\u00e9\/PR[\/vc_column_text][\/vc_column][\/vc_row][vc_row][vc_column][vc_gmaps link=&#8221;#E-8_JTNDaWZyYW1lJTIwc3JjJTNEJTIyaHR0cHMlM0ElMkYlMkZ3d3cuZ29vZ2xlLmNvbSUyRm1hcHMlMkZlbWJlZCUzRnBiJTNEJTIxMW0xOCUyMTFtMTIlMjExbTMlMjExZDg3MTQuNzk1MjQ1MzE5ODU2JTIxMmQtNTEuMjkyNDEzNjg2OTU1MDElMjEzZC0yMy4zMTE0MDMwMzgyODY4ODMlMjEybTMlMjExZjAlMjEyZjAlMjEzZjAlMjEzbTIlMjExaTEwMjQlMjEyaTc2OCUyMTRmMTMuMSUyMTNtMyUyMTFtMiUyMTFzMHg5NGViNTk3NTQxYzdmOTRkJTI1M0EweDRkMDAxYmY1OGM1MDkyMjAlMjEyc0dvbGYlMjUyMFZpbGxlJTIxNWUwJTIxM20yJTIxMXNwdC1CUiUyMTJzYnIlMjE0djE3MTcwOTQ0NzQxNzYlMjE1bTIlMjExc3B0LUJSJTIxMnNiciUyMiUyMHdpZHRoJTNEJTIyNjAwJTIyJTIwaGVpZ2h0JTNEJTIyNDUwJTIyJTIwc3R5bGUlM0QlMjJib3JkZXIlM0EwJTNCJTIyJTIwYWxsb3dmdWxsc2NyZWVuJTNEJTIyJTIyJTIwbG9hZGluZyUzRCUyMmxhenklMjIlMjByZWZlcnJlcnBvbGljeSUzRCUyMm5vLXJlZmVycmVyLXdoZW4tZG93bmdyYWRlJTIyJTNFJTNDJTJGaWZyYW1lJTNF&#8221; css=&#8221;&#8221;][\/vc_column][\/vc_row][vc_row][vc_column][vc_text_separator title=&#8221;Post&#8217;s&#8221; css=&#8221;&#8221;][mk_blog_carousel][\/vc_column][\/vc_row]<\/p>\n","protected":false},"author":1,"featured_media":0,"parent":0,"menu_order":0,"comment_status":"closed","ping_status":"closed","template":"","meta":{"footnotes":""},"class_list":["post-5","page","type-page","status-publish","hentry"],"_links":{"self":[{"href":"https:\/\/condominiogolfville.com.br\/index.php?rest_route=\/wp\/v2\/pages\/5","targetHints":{"allow":["GET"]}}],"collection":[{"href":"https:\/\/condominiogolfville.com.br\/index.php?rest_route=\/wp\/v2\/pages"}],"about":[{"href":"https:\/\/condominiogolfville.com.br\/index.php?rest_route=\/wp\/v2\/types\/page"}],"author":[{"embeddable":true,"href":"https:\/\/condominiogolfville.com.br\/index.php?rest_route=\/wp\/v2\/users\/1"}],"replies":[{"embeddable":true,"href":"https:\/\/condominiogolfville.com.br\/index.php?rest_route=%2Fwp%2Fv2%2Fcomments&post=5"}],"version-history":[{"count":10,"href":"https:\/\/condominiogolfville.com.br\/index.php?rest_route=\/wp\/v2\/pages\/5\/revisions"}],"predecessor-version":[{"id":8158,"href":"https:\/\/condominiogolfville.com.br\/index.php?rest_route=\/wp\/v2\/pages\/5\/revisions\/8158"}],"wp:attachment":[{"href":"https:\/\/condominiogolfville.com.br\/index.php?rest_route=%2Fwp%2Fv2%2Fmedia&parent=5"}],"curies":[{"name":"wp","href":"https:\/\/api.w.org\/{rel}","templated":true}]}}